{"id":88,"date":"2022-08-04T11:50:22","date_gmt":"2022-08-04T11:50:22","guid":{"rendered":"http:\/\/gradasediciones.com\/?page_id=88"},"modified":"2022-08-04T12:02:45","modified_gmt":"2022-08-04T12:02:45","slug":"tino-al-rescate-una-aventura-libre-de-gluten","status":"publish","type":"page","link":"https:\/\/gradasediciones.com\/index.php\/tino-al-rescate-una-aventura-libre-de-gluten\/","title":{"rendered":"Tino al rescate: una aventura libre de gluten"},"content":{"rendered":"\n<figure class=\"wp-block-image size-large\"><img loading=\"lazy\" width=\"475\" height=\"475\" src=\"http:\/\/gradasediciones.com\/wp-content\/uploads\/2022\/08\/Destacada-Cover-Tino.jpg\" alt=\"\" class=\"wp-image-83\" srcset=\"https:\/\/gradasediciones.com\/wp-content\/uploads\/2022\/08\/Destacada-Cover-Tino.jpg 475w, https:\/\/gradasediciones.com\/wp-content\/uploads\/2022\/08\/Destacada-Cover-Tino-300x300.jpg 300w, https:\/\/gradasediciones.com\/wp-content\/uploads\/2022\/08\/Destacada-Cover-Tino-150x150.jpg 150w\" sizes=\"(max-width: 475px) 100vw, 475px\" \/><\/figure>\n\n\n\n<p><em><strong>Tino al rescate: una aventura libre de gluten<\/strong><\/em>&nbsp;es un libro para toda la familia, pensado para abordar el tema de la enfermedad cel\u00edaca, de una manera simple y amena, con ni\u00f1os y ni\u00f1as.<\/p>\n\n\n\n<p>Tino, un ratoncito muy valiente, se embarca en una misi\u00f3n de rescate inolvidable. Dos de sus setenta y tantos hermanos ratoncitos se han perdido y Tino debe encontrarlos. La aventura de nuestro peque\u00f1o h\u00e9roe comienza cuando se entera de un cambio muy importante en su vida: la sabia Curabichos ha descubierto que \u00a1Tino ya no puede comer alimentos que contengan gluten! Pero pronto se da cuenta de que este es el menor de su problemas. Tino inicia un recorrido que lo llevar\u00e1 a vivir aventuras incre\u00edbles en las que deber\u00e1 sortear innumerables desaf\u00edos, situaciones que le permitir\u00e1n descubrir, con mucho humor, eso que nos hace especiales a todos. Tino al rescate es una historia fresca y divertida para re\u00edr y emocionarse. Un relato para compartir en casa o en la escuela y aprender el significado de llevar una vida libre de gluten. Para sacar lo mejor de esta experiencia de lectura, la historia est\u00e1 acompa\u00f1ada de las bell\u00edsimas ilustraciones en blanco y negro de Mima Castro e incluye actividades al final del libro.<\/p>\n\n\n\n<p><a href=\"https:\/\/www.amazon.com\/Tino-rescate-aventura-gluten-Spanish\/dp\/1532943024\">Disponible en formato papel y digital (clic aqu\u00ed)<\/a><\/p>\n","protected":false},"excerpt":{"rendered":"<p>Tino al rescate: una aventura libre de gluten&nbsp;es un libro para toda la familia, pensado para abordar el tema de &hellip; <a class=\"more-link\" href=\"https:\/\/gradasediciones.com\/index.php\/tino-al-rescate-una-aventura-libre-de-gluten\/\">More<\/a><\/p>\n","protected":false},"author":1,"featured_media":83,"parent":0,"menu_order":0,"comment_status":"closed","ping_status":"closed","template":"","meta":[],"yoast_head":"<!-- This site is optimized with the Yoast SEO plugin v15.0 - https:\/\/yoast.com\/wordpress\/plugins\/seo\/ -->\n<title>Tino al rescate: una aventura libre de gluten - Gradas Ediciones<\/title>\n<meta name=\"robots\" content=\"index, follow, max-snippet:-1, max-image-preview:large, max-video-preview:-1\" \/>\n<link rel=\"canonical\" href=\"http:\/\/gradasediciones.com\/index.php\/tino-al-rescate-una-aventura-libre-de-gluten\/\" \/>\n<meta property=\"og:locale\" content=\"en_US\" \/>\n<meta property=\"og:type\" content=\"article\" \/>\n<meta property=\"og:title\" content=\"Tino al rescate: una aventura libre de gluten - Gradas Ediciones\" \/>\n<meta property=\"og:description\" content=\"Tino al rescate: una aventura libre de gluten&nbsp;es un libro para toda la familia, pensado para abordar el tema de &hellip; More\" \/>\n<meta property=\"og:url\" content=\"http:\/\/gradasediciones.com\/index.php\/tino-al-rescate-una-aventura-libre-de-gluten\/\" \/>\n<meta property=\"og:site_name\" content=\"Gradas Ediciones\" \/>\n<meta property=\"article:publisher\" content=\"https:\/\/www.facebook.com\/gradasediciones\" \/>\n<meta property=\"article:modified_time\" content=\"2022-08-04T12:02:45+00:00\" \/>\n<meta property=\"og:image\" content=\"https:\/\/gradasediciones.com\/wp-content\/uploads\/2022\/08\/Destacada-Cover-Tino.jpg\" \/>\n\t<meta property=\"og:image:width\" content=\"475\" \/>\n\t<meta property=\"og:image:height\" content=\"475\" \/>\n<meta name=\"twitter:card\" content=\"summary_large_image\" \/>\n<meta name=\"twitter:creator\" content=\"@GradasEdiciones\" \/>\n<meta name=\"twitter:site\" content=\"@GradasEdiciones\" \/>\n<script type=\"application\/ld+json\" class=\"yoast-schema-graph\">{\"@context\":\"https:\/\/schema.org\",\"@graph\":[{\"@type\":\"Organization\",\"@id\":\"https:\/\/gradasediciones.com\/#organization\",\"name\":\"Gradas Ediciones\",\"url\":\"https:\/\/gradasediciones.com\/\",\"sameAs\":[\"https:\/\/www.facebook.com\/gradasediciones\",\"https:\/\/twitter.com\/GradasEdiciones\"],\"logo\":{\"@type\":\"ImageObject\",\"@id\":\"https:\/\/gradasediciones.com\/#logo\",\"inLanguage\":\"en-US\",\"url\":\"https:\/\/gradasediciones.com\/wp-content\/uploads\/2020\/10\/Logo-final-Gradas-Gris-con-aire.jpg\",\"width\":900,\"height\":900,\"caption\":\"Gradas Ediciones\"},\"image\":{\"@id\":\"https:\/\/gradasediciones.com\/#logo\"}},{\"@type\":\"WebSite\",\"@id\":\"https:\/\/gradasediciones.com\/#website\",\"url\":\"https:\/\/gradasediciones.com\/\",\"name\":\"Gradas Ediciones\",\"description\":\"Lecturas graduadas\",\"publisher\":{\"@id\":\"https:\/\/gradasediciones.com\/#organization\"},\"potentialAction\":[{\"@type\":\"SearchAction\",\"target\":\"https:\/\/gradasediciones.com\/?s={search_term_string}\",\"query-input\":\"required name=search_term_string\"}],\"inLanguage\":\"en-US\"},{\"@type\":\"ImageObject\",\"@id\":\"http:\/\/gradasediciones.com\/index.php\/tino-al-rescate-una-aventura-libre-de-gluten\/#primaryimage\",\"inLanguage\":\"en-US\",\"url\":\"https:\/\/gradasediciones.com\/wp-content\/uploads\/2022\/08\/Destacada-Cover-Tino.jpg\",\"width\":475,\"height\":475},{\"@type\":\"WebPage\",\"@id\":\"http:\/\/gradasediciones.com\/index.php\/tino-al-rescate-una-aventura-libre-de-gluten\/#webpage\",\"url\":\"http:\/\/gradasediciones.com\/index.php\/tino-al-rescate-una-aventura-libre-de-gluten\/\",\"name\":\"Tino al rescate: una aventura libre de gluten - Gradas Ediciones\",\"isPartOf\":{\"@id\":\"https:\/\/gradasediciones.com\/#website\"},\"primaryImageOfPage\":{\"@id\":\"http:\/\/gradasediciones.com\/index.php\/tino-al-rescate-una-aventura-libre-de-gluten\/#primaryimage\"},\"datePublished\":\"2022-08-04T11:50:22+00:00\",\"dateModified\":\"2022-08-04T12:02:45+00:00\",\"inLanguage\":\"en-US\",\"potentialAction\":[{\"@type\":\"ReadAction\",\"target\":[\"http:\/\/gradasediciones.com\/index.php\/tino-al-rescate-una-aventura-libre-de-gluten\/\"]}]}]}<\/script>\n<!-- \/ Yoast SEO plugin. -->","_links":{"self":[{"href":"https:\/\/gradasediciones.com\/index.php\/wp-json\/wp\/v2\/pages\/88"}],"collection":[{"href":"https:\/\/gradasediciones.com\/index.php\/wp-json\/wp\/v2\/pages"}],"about":[{"href":"https:\/\/gradasediciones.com\/index.php\/wp-json\/wp\/v2\/types\/page"}],"author":[{"embeddable":true,"href":"https:\/\/gradasediciones.com\/index.php\/wp-json\/wp\/v2\/users\/1"}],"replies":[{"embeddable":true,"href":"https:\/\/gradasediciones.com\/index.php\/wp-json\/wp\/v2\/comments?post=88"}],"version-history":[{"count":3,"href":"https:\/\/gradasediciones.com\/index.php\/wp-json\/wp\/v2\/pages\/88\/revisions"}],"predecessor-version":[{"id":95,"href":"https:\/\/gradasediciones.com\/index.php\/wp-json\/wp\/v2\/pages\/88\/revisions\/95"}],"wp:featuredmedia":[{"embeddable":true,"href":"https:\/\/gradasediciones.com\/index.php\/wp-json\/wp\/v2\/media\/83"}],"wp:attachment":[{"href":"https:\/\/gradasediciones.com\/index.php\/wp-json\/wp\/v2\/media?parent=88"}],"curies":[{"name":"wp","href":"https:\/\/api.w.org\/{rel}","templated":true}]}}